{"id":1961,"date":"2020-06-22T08:28:03","date_gmt":"2020-06-22T13:28:03","guid":{"rendered":"https:\/\/www.wilsonmfg.com\/encuentra-tu-representante\/"},"modified":"2023-07-10T13:31:06","modified_gmt":"2023-07-10T18:31:06","slug":"encuentra-tu-representante","status":"publish","type":"page","link":"https:\/\/www.wilsonmfg.com\/es\/encuentra-tu-representante\/","title":{"rendered":"Encuentra tu representante"},"content":{"rendered":"","protected":false},"excerpt":{"rendered":"","protected":false},"author":4,"featured_media":0,"parent":0,"menu_order":0,"comment_status":"closed","ping_status":"closed","template":"templates\/template-find-your-rep.php","meta":{"_acf_changed":false,"inline_featured_image":false,"footnotes":""},"class_list":["post-1961","page","type-page","status-publish","hentry"],"acf":[],"yoast_head":"<!-- This site is optimized with the Yoast SEO plugin v27.3 - https:\/\/yoast.com\/product\/yoast-seo-wordpress\/ -->\n<title>Encuentra tu representante - Wilson Manufacturing<\/title>\n<meta name=\"description\" content=\"Encuentre su representante local de Wilson en 27 pa\u00edses. Inicie una conversaci\u00f3n hoy y obtenga ayuda para resolver sus desaf\u00edos.\" \/>\n<meta name=\"robots\" content=\"index, follow, max-snippet:-1, max-image-preview:large, max-video-preview:-1\" \/>\n<link rel=\"canonical\" href=\"https:\/\/www.wilsonmfg.com\/es\/encuentra-tu-representante\/\" \/>\n<meta property=\"og:locale\" content=\"es_ES\" \/>\n<meta property=\"og:type\" content=\"article\" \/>\n<meta property=\"og:title\" content=\"Encuentra tu representante - Wilson Manufacturing\" \/>\n<meta property=\"og:description\" content=\"Encuentre su representante local de Wilson en 27 pa\u00edses. Inicie una conversaci\u00f3n hoy y obtenga ayuda para resolver sus desaf\u00edos.\" \/>\n<meta property=\"og:url\" content=\"https:\/\/www.wilsonmfg.com\/es\/encuentra-tu-representante\/\" \/>\n<meta property=\"og:site_name\" content=\"Wilson Manufacturing\" \/>\n<meta property=\"article:modified_time\" content=\"2023-07-10T18:31:06+00:00\" \/>\n<meta name=\"twitter:card\" content=\"summary_large_image\" \/>\n<script type=\"application\/ld+json\" class=\"yoast-schema-graph\">{\"@context\":\"https:\\\/\\\/schema.org\",\"@graph\":[{\"@type\":\"WebPage\",\"@id\":\"https:\\\/\\\/www.wilsonmfg.com\\\/es\\\/encuentra-tu-representante\\\/\",\"url\":\"https:\\\/\\\/www.wilsonmfg.com\\\/es\\\/encuentra-tu-representante\\\/\",\"name\":\"Encuentra tu representante - Wilson Manufacturing\",\"isPartOf\":{\"@id\":\"https:\\\/\\\/www.wilsonmfg.com\\\/es\\\/#website\"},\"datePublished\":\"2020-06-22T13:28:03+00:00\",\"dateModified\":\"2023-07-10T18:31:06+00:00\",\"description\":\"Encuentre su representante local de Wilson en 27 pa\u00edses. Inicie una conversaci\u00f3n hoy y obtenga ayuda para resolver sus desaf\u00edos.\",\"breadcrumb\":{\"@id\":\"https:\\\/\\\/www.wilsonmfg.com\\\/es\\\/encuentra-tu-representante\\\/#breadcrumb\"},\"inLanguage\":\"es\",\"potentialAction\":[{\"@type\":\"ReadAction\",\"target\":[\"https:\\\/\\\/www.wilsonmfg.com\\\/es\\\/encuentra-tu-representante\\\/\"]}]},{\"@type\":\"BreadcrumbList\",\"@id\":\"https:\\\/\\\/www.wilsonmfg.com\\\/es\\\/encuentra-tu-representante\\\/#breadcrumb\",\"itemListElement\":[{\"@type\":\"ListItem\",\"position\":1,\"name\":\"Home\",\"item\":\"https:\\\/\\\/www.wilsonmfg.com\\\/es\\\/\"},{\"@type\":\"ListItem\",\"position\":2,\"name\":\"Encuentra tu representante\"}]},{\"@type\":\"WebSite\",\"@id\":\"https:\\\/\\\/www.wilsonmfg.com\\\/es\\\/#website\",\"url\":\"https:\\\/\\\/www.wilsonmfg.com\\\/es\\\/\",\"name\":\"Wilson Manufacturing\",\"description\":\"\",\"publisher\":{\"@id\":\"https:\\\/\\\/www.wilsonmfg.com\\\/es\\\/#organization\"},\"potentialAction\":[{\"@type\":\"SearchAction\",\"target\":{\"@type\":\"EntryPoint\",\"urlTemplate\":\"https:\\\/\\\/www.wilsonmfg.com\\\/es\\\/?s={search_term_string}\"},\"query-input\":{\"@type\":\"PropertyValueSpecification\",\"valueRequired\":true,\"valueName\":\"search_term_string\"}}],\"inLanguage\":\"es\"},{\"@type\":\"Organization\",\"@id\":\"https:\\\/\\\/www.wilsonmfg.com\\\/es\\\/#organization\",\"name\":\"Wilson Manufacturing\",\"alternateName\":\"Wilson\",\"url\":\"https:\\\/\\\/www.wilsonmfg.com\\\/es\\\/\",\"logo\":{\"@type\":\"ImageObject\",\"inLanguage\":\"es\",\"@id\":\"https:\\\/\\\/www.wilsonmfg.com\\\/es\\\/#\\\/schema\\\/logo\\\/image\\\/\",\"url\":\"https:\\\/\\\/www.wilsonmfg.com\\\/wp-content\\\/uploads\\\/2026\\\/03\\\/logo-wilson-square.png\",\"contentUrl\":\"https:\\\/\\\/www.wilsonmfg.com\\\/wp-content\\\/uploads\\\/2026\\\/03\\\/logo-wilson-square.png\",\"width\":696,\"height\":696,\"caption\":\"Wilson Manufacturing\"},\"image\":{\"@id\":\"https:\\\/\\\/www.wilsonmfg.com\\\/es\\\/#\\\/schema\\\/logo\\\/image\\\/\"}}]}<\/script>\n<!-- \/ Yoast SEO plugin. -->","yoast_head_json":{"title":"Encuentra tu representante - Wilson Manufacturing","description":"Encuentre su representante local de Wilson en 27 pa\u00edses. Inicie una conversaci\u00f3n hoy y obtenga ayuda para resolver sus desaf\u00edos.","robots":{"index":"index","follow":"follow","max-snippet":"max-snippet:-1","max-image-preview":"max-image-preview:large","max-video-preview":"max-video-preview:-1"},"canonical":"https:\/\/www.wilsonmfg.com\/es\/encuentra-tu-representante\/","og_locale":"es_ES","og_type":"article","og_title":"Encuentra tu representante - Wilson Manufacturing","og_description":"Encuentre su representante local de Wilson en 27 pa\u00edses. Inicie una conversaci\u00f3n hoy y obtenga ayuda para resolver sus desaf\u00edos.","og_url":"https:\/\/www.wilsonmfg.com\/es\/encuentra-tu-representante\/","og_site_name":"Wilson Manufacturing","article_modified_time":"2023-07-10T18:31:06+00:00","twitter_card":"summary_large_image","schema":{"@context":"https:\/\/schema.org","@graph":[{"@type":"WebPage","@id":"https:\/\/www.wilsonmfg.com\/es\/encuentra-tu-representante\/","url":"https:\/\/www.wilsonmfg.com\/es\/encuentra-tu-representante\/","name":"Encuentra tu representante - Wilson Manufacturing","isPartOf":{"@id":"https:\/\/www.wilsonmfg.com\/es\/#website"},"datePublished":"2020-06-22T13:28:03+00:00","dateModified":"2023-07-10T18:31:06+00:00","description":"Encuentre su representante local de Wilson en 27 pa\u00edses. Inicie una conversaci\u00f3n hoy y obtenga ayuda para resolver sus desaf\u00edos.","breadcrumb":{"@id":"https:\/\/www.wilsonmfg.com\/es\/encuentra-tu-representante\/#breadcrumb"},"inLanguage":"es","potentialAction":[{"@type":"ReadAction","target":["https:\/\/www.wilsonmfg.com\/es\/encuentra-tu-representante\/"]}]},{"@type":"BreadcrumbList","@id":"https:\/\/www.wilsonmfg.com\/es\/encuentra-tu-representante\/#breadcrumb","itemListElement":[{"@type":"ListItem","position":1,"name":"Home","item":"https:\/\/www.wilsonmfg.com\/es\/"},{"@type":"ListItem","position":2,"name":"Encuentra tu representante"}]},{"@type":"WebSite","@id":"https:\/\/www.wilsonmfg.com\/es\/#website","url":"https:\/\/www.wilsonmfg.com\/es\/","name":"Wilson Manufacturing","description":"","publisher":{"@id":"https:\/\/www.wilsonmfg.com\/es\/#organization"},"potentialAction":[{"@type":"SearchAction","target":{"@type":"EntryPoint","urlTemplate":"https:\/\/www.wilsonmfg.com\/es\/?s={search_term_string}"},"query-input":{"@type":"PropertyValueSpecification","valueRequired":true,"valueName":"search_term_string"}}],"inLanguage":"es"},{"@type":"Organization","@id":"https:\/\/www.wilsonmfg.com\/es\/#organization","name":"Wilson Manufacturing","alternateName":"Wilson","url":"https:\/\/www.wilsonmfg.com\/es\/","logo":{"@type":"ImageObject","inLanguage":"es","@id":"https:\/\/www.wilsonmfg.com\/es\/#\/schema\/logo\/image\/","url":"https:\/\/www.wilsonmfg.com\/wp-content\/uploads\/2026\/03\/logo-wilson-square.png","contentUrl":"https:\/\/www.wilsonmfg.com\/wp-content\/uploads\/2026\/03\/logo-wilson-square.png","width":696,"height":696,"caption":"Wilson Manufacturing"},"image":{"@id":"https:\/\/www.wilsonmfg.com\/es\/#\/schema\/logo\/image\/"}}]}},"_links":{"self":[{"href":"https:\/\/www.wilsonmfg.com\/es\/wp-json\/wp\/v2\/pages\/1961","targetHints":{"allow":["GET"]}}],"collection":[{"href":"https:\/\/www.wilsonmfg.com\/es\/wp-json\/wp\/v2\/pages"}],"about":[{"href":"https:\/\/www.wilsonmfg.com\/es\/wp-json\/wp\/v2\/types\/page"}],"author":[{"embeddable":true,"href":"https:\/\/www.wilsonmfg.com\/es\/wp-json\/wp\/v2\/users\/4"}],"replies":[{"embeddable":true,"href":"https:\/\/www.wilsonmfg.com\/es\/wp-json\/wp\/v2\/comments?post=1961"}],"version-history":[{"count":0,"href":"https:\/\/www.wilsonmfg.com\/es\/wp-json\/wp\/v2\/pages\/1961\/revisions"}],"wp:attachment":[{"href":"https:\/\/www.wilsonmfg.com\/es\/wp-json\/wp\/v2\/media?parent=1961"}],"curies":[{"name":"wp","href":"https:\/\/api.w.org\/{rel}","templated":true}]}}