{"id":1258,"date":"2020-01-03T09:19:49","date_gmt":"2020-01-03T15:19:49","guid":{"rendered":"https:\/\/www.wilsonmfg.com\/carreras\/"},"modified":"2020-07-09T14:00:40","modified_gmt":"2020-07-09T19:00:40","slug":"carreras","status":"publish","type":"page","link":"https:\/\/www.wilsonmfg.com\/es\/carreras\/","title":{"rendered":"Carreras"},"content":{"rendered":"","protected":false},"excerpt":{"rendered":"","protected":false},"author":4,"featured_media":0,"parent":0,"menu_order":0,"comment_status":"closed","ping_status":"closed","template":"templates\/template-careers.php","meta":{"_acf_changed":false,"inline_featured_image":false,"footnotes":""},"class_list":["post-1258","page","type-page","status-publish","hentry"],"acf":[],"yoast_head":"<!-- This site is optimized with the Yoast SEO plugin v27.3 - https:\/\/yoast.com\/product\/yoast-seo-wordpress\/ -->\n<title>Carreras de sitio - de la Wilson Manufacturing Trabajar con nosotros ? Carreras en Wilson Manufacturing<\/title>\n<meta name=\"description\" content=\"Wilson Manufacturing es un fabricante familiar de herramientas rotativas de precisi\u00f3n con una pasi\u00f3n por ayudar a los miembros de su equipo a tener \u00e9xito. \u00a1Explora carreras en Wilson hoy mismo!\" \/>\n<meta name=\"robots\" content=\"index, follow, max-snippet:-1, max-image-preview:large, max-video-preview:-1\" \/>\n<link rel=\"canonical\" href=\"https:\/\/www.wilsonmfg.com\/es\/carreras\/\" \/>\n<meta property=\"og:locale\" content=\"es_ES\" \/>\n<meta property=\"og:type\" content=\"article\" \/>\n<meta property=\"og:title\" content=\"Carreras de sitio - de la Wilson Manufacturing Trabajar con nosotros ? Carreras en Wilson Manufacturing\" \/>\n<meta property=\"og:description\" content=\"Wilson Manufacturing es un fabricante familiar de herramientas rotativas de precisi\u00f3n con una pasi\u00f3n por ayudar a los miembros de su equipo a tener \u00e9xito. \u00a1Explora carreras en Wilson hoy mismo!\" \/>\n<meta property=\"og:url\" content=\"https:\/\/www.wilsonmfg.com\/es\/carreras\/\" \/>\n<meta property=\"og:site_name\" content=\"Wilson Manufacturing\" \/>\n<meta property=\"article:modified_time\" content=\"2020-07-09T19:00:40+00:00\" \/>\n<meta property=\"og:image\" content=\"https:\/\/www.wilsonmfg.com\/wp-content\/uploads\/2019\/07\/careers_hero.jpg\" \/>\n<meta name=\"twitter:card\" content=\"summary_large_image\" \/>\n<script type=\"application\/ld+json\" class=\"yoast-schema-graph\">{\"@context\":\"https:\\\/\\\/schema.org\",\"@graph\":[{\"@type\":\"WebPage\",\"@id\":\"https:\\\/\\\/www.wilsonmfg.com\\\/es\\\/carreras\\\/\",\"url\":\"https:\\\/\\\/www.wilsonmfg.com\\\/es\\\/carreras\\\/\",\"name\":\"Carreras de sitio - de la Wilson Manufacturing Trabajar con nosotros ? Carreras en Wilson Manufacturing\",\"isPartOf\":{\"@id\":\"https:\\\/\\\/www.wilsonmfg.com\\\/es\\\/#website\"},\"datePublished\":\"2020-01-03T15:19:49+00:00\",\"dateModified\":\"2020-07-09T19:00:40+00:00\",\"description\":\"Wilson Manufacturing es un fabricante familiar de herramientas rotativas de precisi\u00f3n con una pasi\u00f3n por ayudar a los miembros de su equipo a tener \u00e9xito. \u00a1Explora carreras en Wilson hoy mismo!\",\"breadcrumb\":{\"@id\":\"https:\\\/\\\/www.wilsonmfg.com\\\/es\\\/carreras\\\/#breadcrumb\"},\"inLanguage\":\"es\",\"potentialAction\":[{\"@type\":\"ReadAction\",\"target\":[\"https:\\\/\\\/www.wilsonmfg.com\\\/es\\\/carreras\\\/\"]}]},{\"@type\":\"BreadcrumbList\",\"@id\":\"https:\\\/\\\/www.wilsonmfg.com\\\/es\\\/carreras\\\/#breadcrumb\",\"itemListElement\":[{\"@type\":\"ListItem\",\"position\":1,\"name\":\"Home\",\"item\":\"https:\\\/\\\/www.wilsonmfg.com\\\/es\\\/\"},{\"@type\":\"ListItem\",\"position\":2,\"name\":\"Carreras\"}]},{\"@type\":\"WebSite\",\"@id\":\"https:\\\/\\\/www.wilsonmfg.com\\\/es\\\/#website\",\"url\":\"https:\\\/\\\/www.wilsonmfg.com\\\/es\\\/\",\"name\":\"Wilson Manufacturing\",\"description\":\"\",\"publisher\":{\"@id\":\"https:\\\/\\\/www.wilsonmfg.com\\\/es\\\/#organization\"},\"potentialAction\":[{\"@type\":\"SearchAction\",\"target\":{\"@type\":\"EntryPoint\",\"urlTemplate\":\"https:\\\/\\\/www.wilsonmfg.com\\\/es\\\/?s={search_term_string}\"},\"query-input\":{\"@type\":\"PropertyValueSpecification\",\"valueRequired\":true,\"valueName\":\"search_term_string\"}}],\"inLanguage\":\"es\"},{\"@type\":\"Organization\",\"@id\":\"https:\\\/\\\/www.wilsonmfg.com\\\/es\\\/#organization\",\"name\":\"Wilson Manufacturing\",\"alternateName\":\"Wilson\",\"url\":\"https:\\\/\\\/www.wilsonmfg.com\\\/es\\\/\",\"logo\":{\"@type\":\"ImageObject\",\"inLanguage\":\"es\",\"@id\":\"https:\\\/\\\/www.wilsonmfg.com\\\/es\\\/#\\\/schema\\\/logo\\\/image\\\/\",\"url\":\"https:\\\/\\\/www.wilsonmfg.com\\\/wp-content\\\/uploads\\\/2026\\\/03\\\/logo-wilson-square.png\",\"contentUrl\":\"https:\\\/\\\/www.wilsonmfg.com\\\/wp-content\\\/uploads\\\/2026\\\/03\\\/logo-wilson-square.png\",\"width\":696,\"height\":696,\"caption\":\"Wilson Manufacturing\"},\"image\":{\"@id\":\"https:\\\/\\\/www.wilsonmfg.com\\\/es\\\/#\\\/schema\\\/logo\\\/image\\\/\"}}]}<\/script>\n<!-- \/ Yoast SEO plugin. -->","yoast_head_json":{"title":"Carreras de sitio - de la Wilson Manufacturing Trabajar con nosotros ? Carreras en Wilson Manufacturing","description":"Wilson Manufacturing es un fabricante familiar de herramientas rotativas de precisi\u00f3n con una pasi\u00f3n por ayudar a los miembros de su equipo a tener \u00e9xito. \u00a1Explora carreras en Wilson hoy mismo!","robots":{"index":"index","follow":"follow","max-snippet":"max-snippet:-1","max-image-preview":"max-image-preview:large","max-video-preview":"max-video-preview:-1"},"canonical":"https:\/\/www.wilsonmfg.com\/es\/carreras\/","og_locale":"es_ES","og_type":"article","og_title":"Carreras de sitio - de la Wilson Manufacturing Trabajar con nosotros ? Carreras en Wilson Manufacturing","og_description":"Wilson Manufacturing es un fabricante familiar de herramientas rotativas de precisi\u00f3n con una pasi\u00f3n por ayudar a los miembros de su equipo a tener \u00e9xito. \u00a1Explora carreras en Wilson hoy mismo!","og_url":"https:\/\/www.wilsonmfg.com\/es\/carreras\/","og_site_name":"Wilson Manufacturing","article_modified_time":"2020-07-09T19:00:40+00:00","og_image":[{"url":"https:\/\/www.wilsonmfg.com\/wp-content\/uploads\/2019\/07\/careers_hero.jpg","type":"","width":"","height":""}],"twitter_card":"summary_large_image","schema":{"@context":"https:\/\/schema.org","@graph":[{"@type":"WebPage","@id":"https:\/\/www.wilsonmfg.com\/es\/carreras\/","url":"https:\/\/www.wilsonmfg.com\/es\/carreras\/","name":"Carreras de sitio - de la Wilson Manufacturing Trabajar con nosotros ? Carreras en Wilson Manufacturing","isPartOf":{"@id":"https:\/\/www.wilsonmfg.com\/es\/#website"},"datePublished":"2020-01-03T15:19:49+00:00","dateModified":"2020-07-09T19:00:40+00:00","description":"Wilson Manufacturing es un fabricante familiar de herramientas rotativas de precisi\u00f3n con una pasi\u00f3n por ayudar a los miembros de su equipo a tener \u00e9xito. \u00a1Explora carreras en Wilson hoy mismo!","breadcrumb":{"@id":"https:\/\/www.wilsonmfg.com\/es\/carreras\/#breadcrumb"},"inLanguage":"es","potentialAction":[{"@type":"ReadAction","target":["https:\/\/www.wilsonmfg.com\/es\/carreras\/"]}]},{"@type":"BreadcrumbList","@id":"https:\/\/www.wilsonmfg.com\/es\/carreras\/#breadcrumb","itemListElement":[{"@type":"ListItem","position":1,"name":"Home","item":"https:\/\/www.wilsonmfg.com\/es\/"},{"@type":"ListItem","position":2,"name":"Carreras"}]},{"@type":"WebSite","@id":"https:\/\/www.wilsonmfg.com\/es\/#website","url":"https:\/\/www.wilsonmfg.com\/es\/","name":"Wilson Manufacturing","description":"","publisher":{"@id":"https:\/\/www.wilsonmfg.com\/es\/#organization"},"potentialAction":[{"@type":"SearchAction","target":{"@type":"EntryPoint","urlTemplate":"https:\/\/www.wilsonmfg.com\/es\/?s={search_term_string}"},"query-input":{"@type":"PropertyValueSpecification","valueRequired":true,"valueName":"search_term_string"}}],"inLanguage":"es"},{"@type":"Organization","@id":"https:\/\/www.wilsonmfg.com\/es\/#organization","name":"Wilson Manufacturing","alternateName":"Wilson","url":"https:\/\/www.wilsonmfg.com\/es\/","logo":{"@type":"ImageObject","inLanguage":"es","@id":"https:\/\/www.wilsonmfg.com\/es\/#\/schema\/logo\/image\/","url":"https:\/\/www.wilsonmfg.com\/wp-content\/uploads\/2026\/03\/logo-wilson-square.png","contentUrl":"https:\/\/www.wilsonmfg.com\/wp-content\/uploads\/2026\/03\/logo-wilson-square.png","width":696,"height":696,"caption":"Wilson Manufacturing"},"image":{"@id":"https:\/\/www.wilsonmfg.com\/es\/#\/schema\/logo\/image\/"}}]}},"_links":{"self":[{"href":"https:\/\/www.wilsonmfg.com\/es\/wp-json\/wp\/v2\/pages\/1258","targetHints":{"allow":["GET"]}}],"collection":[{"href":"https:\/\/www.wilsonmfg.com\/es\/wp-json\/wp\/v2\/pages"}],"about":[{"href":"https:\/\/www.wilsonmfg.com\/es\/wp-json\/wp\/v2\/types\/page"}],"author":[{"embeddable":true,"href":"https:\/\/www.wilsonmfg.com\/es\/wp-json\/wp\/v2\/users\/4"}],"replies":[{"embeddable":true,"href":"https:\/\/www.wilsonmfg.com\/es\/wp-json\/wp\/v2\/comments?post=1258"}],"version-history":[{"count":0,"href":"https:\/\/www.wilsonmfg.com\/es\/wp-json\/wp\/v2\/pages\/1258\/revisions"}],"wp:attachment":[{"href":"https:\/\/www.wilsonmfg.com\/es\/wp-json\/wp\/v2\/media?parent=1258"}],"curies":[{"name":"wp","href":"https:\/\/api.w.org\/{rel}","templated":true}]}}