{"id":1255,"date":"2019-12-24T09:13:40","date_gmt":"2019-12-24T15:13:40","guid":{"rendered":"https:\/\/www.wilsonmfg.com\/hogar\/"},"modified":"2024-02-12T13:15:15","modified_gmt":"2024-02-12T19:15:15","slug":"hogar","status":"publish","type":"page","link":"https:\/\/www.wilsonmfg.com\/es\/","title":{"rendered":"Pagina de inicio"},"content":{"rendered":"","protected":false},"excerpt":{"rendered":"","protected":false},"author":4,"featured_media":0,"parent":0,"menu_order":0,"comment_status":"closed","ping_status":"closed","template":"templates\/template-home.php","meta":{"_acf_changed":false,"inline_featured_image":false,"footnotes":""},"class_list":["post-1255","page","type-page","status-publish","hentry"],"acf":[],"yoast_head":"<!-- This site is optimized with the Yoast SEO plugin v27.3 - https:\/\/yoast.com\/product\/yoast-seo-wordpress\/ -->\n<title>Troqueles Solidos | Troqueles Flexibles | Wilson Manufacturing<\/title>\n<meta name=\"description\" content=\"Herramientas rotativas con precisi\u00f3n de calidad: troqueles solidos afiladas a m\u00e1quina, troqueles flexibles de l\u00e1minas magn\u00e9ticas, yunques, herramientas de impresi\u00f3n y m\u00e1s. \u00a1Visite Wilson hoy!\" \/>\n<meta name=\"robots\" content=\"index, follow, max-snippet:-1, max-image-preview:large, max-video-preview:-1\" \/>\n<link rel=\"canonical\" href=\"https:\/\/www.wilsonmfg.com\/es\/\" \/>\n<meta property=\"og:locale\" content=\"es_ES\" \/>\n<meta property=\"og:type\" content=\"article\" \/>\n<meta property=\"og:title\" content=\"Troqueles Solidos | Troqueles Flexibles | Wilson Manufacturing\" \/>\n<meta property=\"og:description\" content=\"Herramientas rotativas con precisi\u00f3n de calidad: troqueles solidos afiladas a m\u00e1quina, troqueles flexibles de l\u00e1minas magn\u00e9ticas, yunques, herramientas de impresi\u00f3n y m\u00e1s. \u00a1Visite Wilson hoy!\" \/>\n<meta property=\"og:url\" content=\"https:\/\/www.wilsonmfg.com\/es\/\" \/>\n<meta property=\"og:site_name\" content=\"Wilson Manufacturing\" \/>\n<meta property=\"article:modified_time\" content=\"2024-02-12T19:15:15+00:00\" \/>\n<meta name=\"twitter:card\" content=\"summary_large_image\" \/>\n<script type=\"application\/ld+json\" class=\"yoast-schema-graph\">{\"@context\":\"https:\\\/\\\/schema.org\",\"@graph\":[{\"@type\":\"WebPage\",\"@id\":\"https:\\\/\\\/www.wilsonmfg.com\\\/es\\\/\",\"url\":\"https:\\\/\\\/www.wilsonmfg.com\\\/es\\\/\",\"name\":\"Troqueles Solidos | Troqueles Flexibles | Wilson Manufacturing\",\"isPartOf\":{\"@id\":\"https:\\\/\\\/www.wilsonmfg.com\\\/es\\\/#website\"},\"datePublished\":\"2019-12-24T15:13:40+00:00\",\"dateModified\":\"2024-02-12T19:15:15+00:00\",\"description\":\"Herramientas rotativas con precisi\u00f3n de calidad: troqueles solidos afiladas a m\u00e1quina, troqueles flexibles de l\u00e1minas magn\u00e9ticas, yunques, herramientas de impresi\u00f3n y m\u00e1s. \u00a1Visite Wilson hoy!\",\"breadcrumb\":{\"@id\":\"https:\\\/\\\/www.wilsonmfg.com\\\/es\\\/#breadcrumb\"},\"inLanguage\":\"es\",\"potentialAction\":[{\"@type\":\"ReadAction\",\"target\":[\"https:\\\/\\\/www.wilsonmfg.com\\\/es\\\/\"]}]},{\"@type\":\"BreadcrumbList\",\"@id\":\"https:\\\/\\\/www.wilsonmfg.com\\\/es\\\/#breadcrumb\",\"itemListElement\":[{\"@type\":\"ListItem\",\"position\":1,\"name\":\"Home\",\"item\":\"https:\\\/\\\/www.wilsonmfg.com\\\/es\\\/\"},{\"@type\":\"ListItem\",\"position\":2,\"name\":\"Pagina de inicio\"}]},{\"@type\":\"WebSite\",\"@id\":\"https:\\\/\\\/www.wilsonmfg.com\\\/es\\\/#website\",\"url\":\"https:\\\/\\\/www.wilsonmfg.com\\\/es\\\/\",\"name\":\"Wilson Manufacturing\",\"description\":\"\",\"publisher\":{\"@id\":\"https:\\\/\\\/www.wilsonmfg.com\\\/es\\\/#organization\"},\"potentialAction\":[{\"@type\":\"SearchAction\",\"target\":{\"@type\":\"EntryPoint\",\"urlTemplate\":\"https:\\\/\\\/www.wilsonmfg.com\\\/es\\\/?s={search_term_string}\"},\"query-input\":{\"@type\":\"PropertyValueSpecification\",\"valueRequired\":true,\"valueName\":\"search_term_string\"}}],\"inLanguage\":\"es\"},{\"@type\":\"Organization\",\"@id\":\"https:\\\/\\\/www.wilsonmfg.com\\\/es\\\/#organization\",\"name\":\"Wilson Manufacturing\",\"alternateName\":\"Wilson\",\"url\":\"https:\\\/\\\/www.wilsonmfg.com\\\/es\\\/\",\"logo\":{\"@type\":\"ImageObject\",\"inLanguage\":\"es\",\"@id\":\"https:\\\/\\\/www.wilsonmfg.com\\\/es\\\/#\\\/schema\\\/logo\\\/image\\\/\",\"url\":\"https:\\\/\\\/www.wilsonmfg.com\\\/wp-content\\\/uploads\\\/2026\\\/03\\\/logo-wilson-square.png\",\"contentUrl\":\"https:\\\/\\\/www.wilsonmfg.com\\\/wp-content\\\/uploads\\\/2026\\\/03\\\/logo-wilson-square.png\",\"width\":696,\"height\":696,\"caption\":\"Wilson Manufacturing\"},\"image\":{\"@id\":\"https:\\\/\\\/www.wilsonmfg.com\\\/es\\\/#\\\/schema\\\/logo\\\/image\\\/\"}}]}<\/script>\n<!-- \/ Yoast SEO plugin. -->","yoast_head_json":{"title":"Troqueles Solidos | Troqueles Flexibles | Wilson Manufacturing","description":"Herramientas rotativas con precisi\u00f3n de calidad: troqueles solidos afiladas a m\u00e1quina, troqueles flexibles de l\u00e1minas magn\u00e9ticas, yunques, herramientas de impresi\u00f3n y m\u00e1s. \u00a1Visite Wilson hoy!","robots":{"index":"index","follow":"follow","max-snippet":"max-snippet:-1","max-image-preview":"max-image-preview:large","max-video-preview":"max-video-preview:-1"},"canonical":"https:\/\/www.wilsonmfg.com\/es\/","og_locale":"es_ES","og_type":"article","og_title":"Troqueles Solidos | Troqueles Flexibles | Wilson Manufacturing","og_description":"Herramientas rotativas con precisi\u00f3n de calidad: troqueles solidos afiladas a m\u00e1quina, troqueles flexibles de l\u00e1minas magn\u00e9ticas, yunques, herramientas de impresi\u00f3n y m\u00e1s. \u00a1Visite Wilson hoy!","og_url":"https:\/\/www.wilsonmfg.com\/es\/","og_site_name":"Wilson Manufacturing","article_modified_time":"2024-02-12T19:15:15+00:00","twitter_card":"summary_large_image","schema":{"@context":"https:\/\/schema.org","@graph":[{"@type":"WebPage","@id":"https:\/\/www.wilsonmfg.com\/es\/","url":"https:\/\/www.wilsonmfg.com\/es\/","name":"Troqueles Solidos | Troqueles Flexibles | Wilson Manufacturing","isPartOf":{"@id":"https:\/\/www.wilsonmfg.com\/es\/#website"},"datePublished":"2019-12-24T15:13:40+00:00","dateModified":"2024-02-12T19:15:15+00:00","description":"Herramientas rotativas con precisi\u00f3n de calidad: troqueles solidos afiladas a m\u00e1quina, troqueles flexibles de l\u00e1minas magn\u00e9ticas, yunques, herramientas de impresi\u00f3n y m\u00e1s. \u00a1Visite Wilson hoy!","breadcrumb":{"@id":"https:\/\/www.wilsonmfg.com\/es\/#breadcrumb"},"inLanguage":"es","potentialAction":[{"@type":"ReadAction","target":["https:\/\/www.wilsonmfg.com\/es\/"]}]},{"@type":"BreadcrumbList","@id":"https:\/\/www.wilsonmfg.com\/es\/#breadcrumb","itemListElement":[{"@type":"ListItem","position":1,"name":"Home","item":"https:\/\/www.wilsonmfg.com\/es\/"},{"@type":"ListItem","position":2,"name":"Pagina de inicio"}]},{"@type":"WebSite","@id":"https:\/\/www.wilsonmfg.com\/es\/#website","url":"https:\/\/www.wilsonmfg.com\/es\/","name":"Wilson Manufacturing","description":"","publisher":{"@id":"https:\/\/www.wilsonmfg.com\/es\/#organization"},"potentialAction":[{"@type":"SearchAction","target":{"@type":"EntryPoint","urlTemplate":"https:\/\/www.wilsonmfg.com\/es\/?s={search_term_string}"},"query-input":{"@type":"PropertyValueSpecification","valueRequired":true,"valueName":"search_term_string"}}],"inLanguage":"es"},{"@type":"Organization","@id":"https:\/\/www.wilsonmfg.com\/es\/#organization","name":"Wilson Manufacturing","alternateName":"Wilson","url":"https:\/\/www.wilsonmfg.com\/es\/","logo":{"@type":"ImageObject","inLanguage":"es","@id":"https:\/\/www.wilsonmfg.com\/es\/#\/schema\/logo\/image\/","url":"https:\/\/www.wilsonmfg.com\/wp-content\/uploads\/2026\/03\/logo-wilson-square.png","contentUrl":"https:\/\/www.wilsonmfg.com\/wp-content\/uploads\/2026\/03\/logo-wilson-square.png","width":696,"height":696,"caption":"Wilson Manufacturing"},"image":{"@id":"https:\/\/www.wilsonmfg.com\/es\/#\/schema\/logo\/image\/"}}]}},"_links":{"self":[{"href":"https:\/\/www.wilsonmfg.com\/es\/wp-json\/wp\/v2\/pages\/1255","targetHints":{"allow":["GET"]}}],"collection":[{"href":"https:\/\/www.wilsonmfg.com\/es\/wp-json\/wp\/v2\/pages"}],"about":[{"href":"https:\/\/www.wilsonmfg.com\/es\/wp-json\/wp\/v2\/types\/page"}],"author":[{"embeddable":true,"href":"https:\/\/www.wilsonmfg.com\/es\/wp-json\/wp\/v2\/users\/4"}],"replies":[{"embeddable":true,"href":"https:\/\/www.wilsonmfg.com\/es\/wp-json\/wp\/v2\/comments?post=1255"}],"version-history":[{"count":5,"href":"https:\/\/www.wilsonmfg.com\/es\/wp-json\/wp\/v2\/pages\/1255\/revisions"}],"predecessor-version":[{"id":3662,"href":"https:\/\/www.wilsonmfg.com\/es\/wp-json\/wp\/v2\/pages\/1255\/revisions\/3662"}],"wp:attachment":[{"href":"https:\/\/www.wilsonmfg.com\/es\/wp-json\/wp\/v2\/media?parent=1255"}],"curies":[{"name":"wp","href":"https:\/\/api.w.org\/{rel}","templated":true}]}}